{"id":17682,"date":"2016-11-23T21:39:42","date_gmt":"2016-11-23T21:39:42","guid":{"rendered":"https:\/\/www.n-able.com\/sample-page"},"modified":"2025-11-28T16:04:06","modified_gmt":"2025-11-28T16:04:06","slug":"sample-page","status":"publish","type":"page","link":"https:\/\/www.n-able.com\/fr","title":{"rendered":"Home"},"content":{"rendered":"","protected":false},"excerpt":{"rendered":"","protected":false},"author":5,"featured_media":0,"parent":0,"menu_order":0,"comment_status":"closed","ping_status":"closed","template":"","meta":{"_acf_changed":false,"inline_featured_image":false,"footnotes":""},"class_list":["post-17682","page","type-page","status-publish","hentry"],"acf":[],"yoast_head":"<!-- This site is optimized with the Yoast SEO Premium plugin v27.2 (Yoast SEO v27.2) - https:\/\/yoast.com\/product\/yoast-seo-premium-wordpress\/ -->\n<title>N-able\u00a0: solutions compl\u00e8tes de gestion de la cybers\u00e9curit\u00e9 et de l\u2019IT<\/title>\n<meta name=\"description\" content=\"Logiciels, ressources et outils pour les MSP et les services informatiques, comprenant les solutions de supervision et de gestion \u00e0 distance, de protection des donn\u00e9es et de s\u00e9curit\u00e9 les meilleures de leur cat\u00e9gorie.\" \/>\n<meta name=\"robots\" content=\"index, follow, max-snippet:-1, max-image-preview:large, max-video-preview:-1\" \/>\n<link rel=\"canonical\" href=\"https:\/\/www.n-able.com\/fr\" \/>\n<meta property=\"og:locale\" content=\"fr_FR\" \/>\n<meta property=\"og:type\" content=\"article\" \/>\n<meta property=\"og:title\" content=\"N-able\u00a0: solutions compl\u00e8tes de gestion de la cybers\u00e9curit\u00e9 et de l\u2019IT\" \/>\n<meta property=\"og:description\" content=\"Logiciels, ressources et outils pour les MSP et les services informatiques, comprenant les solutions de supervision et de gestion \u00e0 distance, de protection des donn\u00e9es et de s\u00e9curit\u00e9 les meilleures de leur cat\u00e9gorie.\" \/>\n<meta property=\"og:url\" content=\"https:\/\/www.n-able.com\/fr\" \/>\n<meta property=\"og:site_name\" content=\"N-able\" \/>\n<meta property=\"article:publisher\" content=\"https:\/\/www.facebook.com\/NableMSP\" \/>\n<meta property=\"article:modified_time\" content=\"2025-11-28T16:04:06+00:00\" \/>\n<meta property=\"og:image\" content=\"https:\/\/www.n-able.com\/wp-content\/uploads\/2021\/03\/share-image.jpg\" \/>\n\t<meta property=\"og:image:width\" content=\"1200\" \/>\n\t<meta property=\"og:image:height\" content=\"630\" \/>\n\t<meta property=\"og:image:type\" content=\"image\/jpeg\" \/>\n<meta name=\"twitter:card\" content=\"summary_large_image\" \/>\n<meta name=\"twitter:site\" content=\"@Nable\" \/>\n<script type=\"application\/ld+json\" class=\"yoast-schema-graph\">{\"@context\":\"https:\/\/schema.org\",\"@graph\":[{\"@type\":\"WebPage\",\"@id\":\"https:\/\/www.n-able.com\/fr\",\"url\":\"https:\/\/www.n-able.com\/fr\",\"name\":\"N-able\u00a0: solutions compl\u00e8tes de gestion de la cybers\u00e9curit\u00e9 et de l\u2019IT\",\"isPartOf\":{\"@id\":\"https:\/\/www.n-able.com\/fr#website\"},\"datePublished\":\"2016-11-23T21:39:42+00:00\",\"dateModified\":\"2025-11-28T16:04:06+00:00\",\"description\":\"Logiciels, ressources et outils pour les MSP et les services informatiques, comprenant les solutions de supervision et de gestion \u00e0 distance, de protection des donn\u00e9es et de s\u00e9curit\u00e9 les meilleures de leur cat\u00e9gorie.\",\"inLanguage\":\"fr-FR\",\"potentialAction\":[{\"@type\":\"ReadAction\",\"target\":[\"https:\/\/www.n-able.com\/fr\"]}]},{\"@type\":\"WebSite\",\"@id\":\"https:\/\/www.n-able.com\/fr#website\",\"url\":\"https:\/\/www.n-able.com\/fr\",\"name\":\"N-able\",\"description\":\"\",\"publisher\":{\"@id\":\"https:\/\/www.n-able.com\/fr#organization\"},\"potentialAction\":[{\"@type\":\"SearchAction\",\"target\":{\"@type\":\"EntryPoint\",\"urlTemplate\":\"https:\/\/www.n-able.com\/fr?s={search_term_string}\"},\"query-input\":{\"@type\":\"PropertyValueSpecification\",\"valueRequired\":true,\"valueName\":\"search_term_string\"}}],\"inLanguage\":\"fr-FR\"},{\"@type\":\"Organization\",\"@id\":\"https:\/\/www.n-able.com\/fr#organization\",\"name\":\"N-able\",\"url\":\"https:\/\/www.n-able.com\/fr\",\"logo\":{\"@type\":\"ImageObject\",\"inLanguage\":\"fr-FR\",\"@id\":\"https:\/\/www.n-able.com\/fr#\/schema\/logo\/image\/\",\"url\":\"https:\/\/www.n-able.com\/wp-content\/uploads\/2021\/02\/logo-n-able-vertical-dark.svg\",\"contentUrl\":\"https:\/\/www.n-able.com\/wp-content\/uploads\/2021\/02\/logo-n-able-vertical-dark.svg\",\"width\":\"1024\",\"height\":\"1024\",\"caption\":\"N-able\"},\"image\":{\"@id\":\"https:\/\/www.n-able.com\/fr#\/schema\/logo\/image\/\"},\"sameAs\":[\"https:\/\/www.facebook.com\/NableMSP\",\"https:\/\/x.com\/Nable\",\"https:\/\/www.linkedin.com\/company\/n-able\",\"https:\/\/www.youtube.com\/channel\/UClnp77HHg4aME-S-3fWQhFw\"]}]}<\/script>\n<!-- \/ Yoast SEO Premium plugin. -->","yoast_head_json":{"title":"N-able\u00a0: solutions compl\u00e8tes de gestion de la cybers\u00e9curit\u00e9 et de l\u2019IT","description":"Logiciels, ressources et outils pour les MSP et les services informatiques, comprenant les solutions de supervision et de gestion \u00e0 distance, de protection des donn\u00e9es et de s\u00e9curit\u00e9 les meilleures de leur cat\u00e9gorie.","robots":{"index":"index","follow":"follow","max-snippet":"max-snippet:-1","max-image-preview":"max-image-preview:large","max-video-preview":"max-video-preview:-1"},"canonical":"https:\/\/www.n-able.com\/fr","og_locale":"fr_FR","og_type":"article","og_title":"N-able\u00a0: solutions compl\u00e8tes de gestion de la cybers\u00e9curit\u00e9 et de l\u2019IT","og_description":"Logiciels, ressources et outils pour les MSP et les services informatiques, comprenant les solutions de supervision et de gestion \u00e0 distance, de protection des donn\u00e9es et de s\u00e9curit\u00e9 les meilleures de leur cat\u00e9gorie.","og_url":"https:\/\/www.n-able.com\/fr","og_site_name":"N-able","article_publisher":"https:\/\/www.facebook.com\/NableMSP","article_modified_time":"2025-11-28T16:04:06+00:00","og_image":[{"width":1200,"height":630,"url":"https:\/\/www.n-able.com\/wp-content\/uploads\/2021\/03\/share-image.jpg","type":"image\/jpeg"}],"twitter_card":"summary_large_image","twitter_site":"@Nable","schema":{"@context":"https:\/\/schema.org","@graph":[{"@type":"WebPage","@id":"https:\/\/www.n-able.com\/fr","url":"https:\/\/www.n-able.com\/fr","name":"N-able\u00a0: solutions compl\u00e8tes de gestion de la cybers\u00e9curit\u00e9 et de l\u2019IT","isPartOf":{"@id":"https:\/\/www.n-able.com\/fr#website"},"datePublished":"2016-11-23T21:39:42+00:00","dateModified":"2025-11-28T16:04:06+00:00","description":"Logiciels, ressources et outils pour les MSP et les services informatiques, comprenant les solutions de supervision et de gestion \u00e0 distance, de protection des donn\u00e9es et de s\u00e9curit\u00e9 les meilleures de leur cat\u00e9gorie.","inLanguage":"fr-FR","potentialAction":[{"@type":"ReadAction","target":["https:\/\/www.n-able.com\/fr"]}]},{"@type":"WebSite","@id":"https:\/\/www.n-able.com\/fr#website","url":"https:\/\/www.n-able.com\/fr","name":"N-able","description":"","publisher":{"@id":"https:\/\/www.n-able.com\/fr#organization"},"potentialAction":[{"@type":"SearchAction","target":{"@type":"EntryPoint","urlTemplate":"https:\/\/www.n-able.com\/fr?s={search_term_string}"},"query-input":{"@type":"PropertyValueSpecification","valueRequired":true,"valueName":"search_term_string"}}],"inLanguage":"fr-FR"},{"@type":"Organization","@id":"https:\/\/www.n-able.com\/fr#organization","name":"N-able","url":"https:\/\/www.n-able.com\/fr","logo":{"@type":"ImageObject","inLanguage":"fr-FR","@id":"https:\/\/www.n-able.com\/fr#\/schema\/logo\/image\/","url":"https:\/\/www.n-able.com\/wp-content\/uploads\/2021\/02\/logo-n-able-vertical-dark.svg","contentUrl":"https:\/\/www.n-able.com\/wp-content\/uploads\/2021\/02\/logo-n-able-vertical-dark.svg","width":"1024","height":"1024","caption":"N-able"},"image":{"@id":"https:\/\/www.n-able.com\/fr#\/schema\/logo\/image\/"},"sameAs":["https:\/\/www.facebook.com\/NableMSP","https:\/\/x.com\/Nable","https:\/\/www.linkedin.com\/company\/n-able","https:\/\/www.youtube.com\/channel\/UClnp77HHg4aME-S-3fWQhFw"]}]}},"_links":{"self":[{"href":"https:\/\/www.n-able.com\/fr\/wp-json\/wp\/v2\/pages\/17682","targetHints":{"allow":["GET"]}}],"collection":[{"href":"https:\/\/www.n-able.com\/fr\/wp-json\/wp\/v2\/pages"}],"about":[{"href":"https:\/\/www.n-able.com\/fr\/wp-json\/wp\/v2\/types\/page"}],"author":[{"embeddable":true,"href":"https:\/\/www.n-able.com\/fr\/wp-json\/wp\/v2\/users\/5"}],"replies":[{"embeddable":true,"href":"https:\/\/www.n-able.com\/fr\/wp-json\/wp\/v2\/comments?post=17682"}],"version-history":[{"count":0,"href":"https:\/\/www.n-able.com\/fr\/wp-json\/wp\/v2\/pages\/17682\/revisions"}],"wp:attachment":[{"href":"https:\/\/www.n-able.com\/fr\/wp-json\/wp\/v2\/media?parent=17682"}],"curies":[{"name":"wp","href":"https:\/\/api.w.org\/{rel}","templated":true}]}}