{"id":29340,"date":"2021-06-10T17:36:20","date_gmt":"2021-06-10T16:36:20","guid":{"rendered":"https:\/\/www.n-able.com\/n-able-backup-vs-datto"},"modified":"2022-06-06T23:11:08","modified_gmt":"2022-06-06T22:11:08","slug":"cove-data-protection-vs-datto","status":"publish","type":"page","link":"https:\/\/www.n-able.com\/fr\/cove-data-protection-vs-datto","title":{"rendered":"Cove Backup vs Datto"},"content":{"rendered":"","protected":false},"excerpt":{"rendered":"","protected":false},"author":9,"featured_media":0,"parent":0,"menu_order":0,"comment_status":"closed","ping_status":"closed","template":"","meta":{"_acf_changed":false,"inline_featured_image":false,"footnotes":""},"class_list":["post-29340","page","type-page","status-publish","hentry"],"acf":[],"yoast_head":"<!-- This site is optimized with the Yoast SEO Premium plugin v27.2 (Yoast SEO v27.2) - https:\/\/yoast.com\/product\/yoast-seo-premium-wordpress\/ -->\n<title>Comparatif entre Cove Data Protection et Datto - N-able<\/title>\n<meta name=\"description\" content=\"D\u00e9couvrez pourquoi de plus en plus de MSP passent de Datto \u00e0 Cove Data Protection pour r\u00e9pondre aux besoins de protection des serveurs, des postes de travail et des donn\u00e9es Microsoft\u00a0365.\" \/>\n<meta name=\"robots\" content=\"index, follow, max-snippet:-1, max-image-preview:large, max-video-preview:-1\" \/>\n<link rel=\"canonical\" href=\"https:\/\/www.n-able.com\/fr\/cove-data-protection-vs-datto\" \/>\n<meta property=\"og:locale\" content=\"fr_FR\" \/>\n<meta property=\"og:type\" content=\"article\" \/>\n<meta property=\"og:title\" content=\"Comparatif entre Cove Data Protection et Datto - N-able\" \/>\n<meta property=\"og:description\" content=\"D\u00e9couvrez pourquoi de plus en plus de MSP passent de Datto \u00e0 Cove Data Protection pour r\u00e9pondre aux besoins de protection des serveurs, des postes de travail et des donn\u00e9es Microsoft\u00a0365.\" \/>\n<meta property=\"og:url\" content=\"https:\/\/www.n-able.com\/fr\/cove-data-protection-vs-datto\" \/>\n<meta property=\"og:site_name\" content=\"N-able\" \/>\n<meta property=\"article:publisher\" content=\"https:\/\/www.facebook.com\/NableMSP\" \/>\n<meta property=\"article:modified_time\" content=\"2022-06-06T22:11:08+00:00\" \/>\n<meta property=\"og:image\" content=\"https:\/\/www.n-able.com\/wp-content\/uploads\/2021\/03\/share-image.jpg\" \/>\n\t<meta property=\"og:image:width\" content=\"1200\" \/>\n\t<meta property=\"og:image:height\" content=\"630\" \/>\n\t<meta property=\"og:image:type\" content=\"image\/jpeg\" \/>\n<meta name=\"twitter:card\" content=\"summary_large_image\" \/>\n<meta name=\"twitter:site\" content=\"@Nable\" \/>\n<script type=\"application\/ld+json\" class=\"yoast-schema-graph\">{\"@context\":\"https:\/\/schema.org\",\"@graph\":[{\"@type\":\"WebPage\",\"@id\":\"https:\/\/www.n-able.com\/fr\/cove-data-protection-vs-datto\",\"url\":\"https:\/\/www.n-able.com\/fr\/cove-data-protection-vs-datto\",\"name\":\"Comparatif entre Cove Data Protection et Datto - N-able\",\"isPartOf\":{\"@id\":\"https:\/\/www.n-able.com\/fr#website\"},\"datePublished\":\"2021-06-10T16:36:20+00:00\",\"dateModified\":\"2022-06-06T22:11:08+00:00\",\"description\":\"D\u00e9couvrez pourquoi de plus en plus de MSP passent de Datto \u00e0 Cove Data Protection pour r\u00e9pondre aux besoins de protection des serveurs, des postes de travail et des donn\u00e9es Microsoft\u00a0365.\",\"inLanguage\":\"fr-FR\",\"potentialAction\":[{\"@type\":\"ReadAction\",\"target\":[\"https:\/\/www.n-able.com\/fr\/cove-data-protection-vs-datto\"]}]},{\"@type\":\"WebSite\",\"@id\":\"https:\/\/www.n-able.com\/fr#website\",\"url\":\"https:\/\/www.n-able.com\/fr\",\"name\":\"N-able\",\"description\":\"\",\"publisher\":{\"@id\":\"https:\/\/www.n-able.com\/fr#organization\"},\"potentialAction\":[{\"@type\":\"SearchAction\",\"target\":{\"@type\":\"EntryPoint\",\"urlTemplate\":\"https:\/\/www.n-able.com\/fr?s={search_term_string}\"},\"query-input\":{\"@type\":\"PropertyValueSpecification\",\"valueRequired\":true,\"valueName\":\"search_term_string\"}}],\"inLanguage\":\"fr-FR\"},{\"@type\":\"Organization\",\"@id\":\"https:\/\/www.n-able.com\/fr#organization\",\"name\":\"N-able\",\"url\":\"https:\/\/www.n-able.com\/fr\",\"logo\":{\"@type\":\"ImageObject\",\"inLanguage\":\"fr-FR\",\"@id\":\"https:\/\/www.n-able.com\/fr#\/schema\/logo\/image\/\",\"url\":\"https:\/\/www.n-able.com\/wp-content\/uploads\/2021\/02\/logo-n-able-vertical-dark.svg\",\"contentUrl\":\"https:\/\/www.n-able.com\/wp-content\/uploads\/2021\/02\/logo-n-able-vertical-dark.svg\",\"width\":\"1024\",\"height\":\"1024\",\"caption\":\"N-able\"},\"image\":{\"@id\":\"https:\/\/www.n-able.com\/fr#\/schema\/logo\/image\/\"},\"sameAs\":[\"https:\/\/www.facebook.com\/NableMSP\",\"https:\/\/x.com\/Nable\",\"https:\/\/www.linkedin.com\/company\/n-able\",\"https:\/\/www.youtube.com\/channel\/UClnp77HHg4aME-S-3fWQhFw\"]}]}<\/script>\n<!-- \/ Yoast SEO Premium plugin. -->","yoast_head_json":{"title":"Comparatif entre Cove Data Protection et Datto - N-able","description":"D\u00e9couvrez pourquoi de plus en plus de MSP passent de Datto \u00e0 Cove Data Protection pour r\u00e9pondre aux besoins de protection des serveurs, des postes de travail et des donn\u00e9es Microsoft\u00a0365.","robots":{"index":"index","follow":"follow","max-snippet":"max-snippet:-1","max-image-preview":"max-image-preview:large","max-video-preview":"max-video-preview:-1"},"canonical":"https:\/\/www.n-able.com\/fr\/cove-data-protection-vs-datto","og_locale":"fr_FR","og_type":"article","og_title":"Comparatif entre Cove Data Protection et Datto - N-able","og_description":"D\u00e9couvrez pourquoi de plus en plus de MSP passent de Datto \u00e0 Cove Data Protection pour r\u00e9pondre aux besoins de protection des serveurs, des postes de travail et des donn\u00e9es Microsoft\u00a0365.","og_url":"https:\/\/www.n-able.com\/fr\/cove-data-protection-vs-datto","og_site_name":"N-able","article_publisher":"https:\/\/www.facebook.com\/NableMSP","article_modified_time":"2022-06-06T22:11:08+00:00","og_image":[{"width":1200,"height":630,"url":"https:\/\/www.n-able.com\/wp-content\/uploads\/2021\/03\/share-image.jpg","type":"image\/jpeg"}],"twitter_card":"summary_large_image","twitter_site":"@Nable","schema":{"@context":"https:\/\/schema.org","@graph":[{"@type":"WebPage","@id":"https:\/\/www.n-able.com\/fr\/cove-data-protection-vs-datto","url":"https:\/\/www.n-able.com\/fr\/cove-data-protection-vs-datto","name":"Comparatif entre Cove Data Protection et Datto - N-able","isPartOf":{"@id":"https:\/\/www.n-able.com\/fr#website"},"datePublished":"2021-06-10T16:36:20+00:00","dateModified":"2022-06-06T22:11:08+00:00","description":"D\u00e9couvrez pourquoi de plus en plus de MSP passent de Datto \u00e0 Cove Data Protection pour r\u00e9pondre aux besoins de protection des serveurs, des postes de travail et des donn\u00e9es Microsoft\u00a0365.","inLanguage":"fr-FR","potentialAction":[{"@type":"ReadAction","target":["https:\/\/www.n-able.com\/fr\/cove-data-protection-vs-datto"]}]},{"@type":"WebSite","@id":"https:\/\/www.n-able.com\/fr#website","url":"https:\/\/www.n-able.com\/fr","name":"N-able","description":"","publisher":{"@id":"https:\/\/www.n-able.com\/fr#organization"},"potentialAction":[{"@type":"SearchAction","target":{"@type":"EntryPoint","urlTemplate":"https:\/\/www.n-able.com\/fr?s={search_term_string}"},"query-input":{"@type":"PropertyValueSpecification","valueRequired":true,"valueName":"search_term_string"}}],"inLanguage":"fr-FR"},{"@type":"Organization","@id":"https:\/\/www.n-able.com\/fr#organization","name":"N-able","url":"https:\/\/www.n-able.com\/fr","logo":{"@type":"ImageObject","inLanguage":"fr-FR","@id":"https:\/\/www.n-able.com\/fr#\/schema\/logo\/image\/","url":"https:\/\/www.n-able.com\/wp-content\/uploads\/2021\/02\/logo-n-able-vertical-dark.svg","contentUrl":"https:\/\/www.n-able.com\/wp-content\/uploads\/2021\/02\/logo-n-able-vertical-dark.svg","width":"1024","height":"1024","caption":"N-able"},"image":{"@id":"https:\/\/www.n-able.com\/fr#\/schema\/logo\/image\/"},"sameAs":["https:\/\/www.facebook.com\/NableMSP","https:\/\/x.com\/Nable","https:\/\/www.linkedin.com\/company\/n-able","https:\/\/www.youtube.com\/channel\/UClnp77HHg4aME-S-3fWQhFw"]}]}},"_links":{"self":[{"href":"https:\/\/www.n-able.com\/fr\/wp-json\/wp\/v2\/pages\/29340","targetHints":{"allow":["GET"]}}],"collection":[{"href":"https:\/\/www.n-able.com\/fr\/wp-json\/wp\/v2\/pages"}],"about":[{"href":"https:\/\/www.n-able.com\/fr\/wp-json\/wp\/v2\/types\/page"}],"author":[{"embeddable":true,"href":"https:\/\/www.n-able.com\/fr\/wp-json\/wp\/v2\/users\/9"}],"replies":[{"embeddable":true,"href":"https:\/\/www.n-able.com\/fr\/wp-json\/wp\/v2\/comments?post=29340"}],"version-history":[{"count":0,"href":"https:\/\/www.n-able.com\/fr\/wp-json\/wp\/v2\/pages\/29340\/revisions"}],"wp:attachment":[{"href":"https:\/\/www.n-able.com\/fr\/wp-json\/wp\/v2\/media?parent=29340"}],"curies":[{"name":"wp","href":"https:\/\/api.w.org\/{rel}","templated":true}]}}