{"id":57510,"date":"2024-01-24T20:45:15","date_gmt":"2024-01-24T20:45:15","guid":{"rendered":"https:\/\/www.n-able.com\/company\/our-people"},"modified":"2024-10-16T18:49:22","modified_gmt":"2024-10-16T17:49:22","slug":"our-people","status":"publish","type":"page","link":"https:\/\/www.n-able.com\/fr\/company\/our-people","title":{"rendered":"Our People"},"content":{"rendered":"","protected":false},"excerpt":{"rendered":"","protected":false},"author":9,"featured_media":0,"parent":17877,"menu_order":0,"comment_status":"closed","ping_status":"closed","template":"","meta":{"_acf_changed":false,"inline_featured_image":false,"footnotes":""},"class_list":["post-57510","page","type-page","status-publish","hentry"],"acf":[],"yoast_head":"<!-- This site is optimized with the Yoast SEO Premium plugin v27.2 (Yoast SEO v27.2) - https:\/\/yoast.com\/product\/yoast-seo-premium-wordpress\/ -->\n<title>Nos employ\u00e9s - N-able<\/title>\n<meta name=\"description\" content=\"D\u00e9couvrez notre entreprise vue par nos employ\u00e9s. Faites connaissance avec notre \u00e9quipe dirigeante, explorez nos offres d\u2019emploi, nos initiatives en mati\u00e8re de diversit\u00e9, d\u2019\u00e9galit\u00e9 et d\u2019appartenance (DEB), ainsi que la vie chez N-able.\" \/>\n<meta name=\"robots\" content=\"index, follow, max-snippet:-1, max-image-preview:large, max-video-preview:-1\" \/>\n<link rel=\"canonical\" href=\"https:\/\/www.n-able.com\/fr\/company\/our-people\" \/>\n<meta property=\"og:locale\" content=\"fr_FR\" \/>\n<meta property=\"og:type\" content=\"article\" \/>\n<meta property=\"og:title\" content=\"Nos employ\u00e9s - N-able\" \/>\n<meta property=\"og:description\" content=\"D\u00e9couvrez notre entreprise vue par nos employ\u00e9s. Faites connaissance avec notre \u00e9quipe dirigeante, explorez nos offres d\u2019emploi, nos initiatives en mati\u00e8re de diversit\u00e9, d\u2019\u00e9galit\u00e9 et d\u2019appartenance (DEB), ainsi que la vie chez N-able.\" \/>\n<meta property=\"og:url\" content=\"https:\/\/www.n-able.com\/fr\/company\/our-people\" \/>\n<meta property=\"og:site_name\" content=\"N-able\" \/>\n<meta property=\"article:publisher\" content=\"https:\/\/www.facebook.com\/NableMSP\" \/>\n<meta property=\"article:modified_time\" content=\"2024-10-16T17:49:22+00:00\" \/>\n<meta property=\"og:image\" content=\"https:\/\/www.n-able.com\/wp-content\/uploads\/2021\/03\/share-image.jpg\" \/>\n\t<meta property=\"og:image:width\" content=\"1200\" \/>\n\t<meta property=\"og:image:height\" content=\"630\" \/>\n\t<meta property=\"og:image:type\" content=\"image\/jpeg\" \/>\n<meta name=\"twitter:card\" content=\"summary_large_image\" \/>\n<meta name=\"twitter:site\" content=\"@Nable\" \/>\n<script type=\"application\/ld+json\" class=\"yoast-schema-graph\">{\"@context\":\"https:\/\/schema.org\",\"@graph\":[{\"@type\":\"WebPage\",\"@id\":\"https:\/\/www.n-able.com\/fr\/company\/our-people\",\"url\":\"https:\/\/www.n-able.com\/fr\/company\/our-people\",\"name\":\"Nos employ\u00e9s - N-able\",\"isPartOf\":{\"@id\":\"https:\/\/www.n-able.com\/fr#website\"},\"datePublished\":\"2024-01-24T20:45:15+00:00\",\"dateModified\":\"2024-10-16T17:49:22+00:00\",\"description\":\"D\u00e9couvrez notre entreprise vue par nos employ\u00e9s. Faites connaissance avec notre \u00e9quipe dirigeante, explorez nos offres d\u2019emploi, nos initiatives en mati\u00e8re de diversit\u00e9, d\u2019\u00e9galit\u00e9 et d\u2019appartenance (DEB), ainsi que la vie chez N-able.\",\"breadcrumb\":{\"@id\":\"https:\/\/www.n-able.com\/fr\/company\/our-people#breadcrumb\"},\"inLanguage\":\"fr-FR\",\"potentialAction\":[{\"@type\":\"ReadAction\",\"target\":[\"https:\/\/www.n-able.com\/fr\/company\/our-people\"]}]},{\"@type\":\"BreadcrumbList\",\"@id\":\"https:\/\/www.n-able.com\/fr\/company\/our-people#breadcrumb\",\"itemListElement\":[{\"@type\":\"ListItem\",\"position\":1,\"name\":\"About Us &#8211; Company\",\"item\":\"https:\/\/www.n-able.com\/fr\/company\"},{\"@type\":\"ListItem\",\"position\":2,\"name\":\"Our People\"}]},{\"@type\":\"WebSite\",\"@id\":\"https:\/\/www.n-able.com\/fr#website\",\"url\":\"https:\/\/www.n-able.com\/fr\",\"name\":\"N-able\",\"description\":\"\",\"publisher\":{\"@id\":\"https:\/\/www.n-able.com\/fr#organization\"},\"potentialAction\":[{\"@type\":\"SearchAction\",\"target\":{\"@type\":\"EntryPoint\",\"urlTemplate\":\"https:\/\/www.n-able.com\/fr?s={search_term_string}\"},\"query-input\":{\"@type\":\"PropertyValueSpecification\",\"valueRequired\":true,\"valueName\":\"search_term_string\"}}],\"inLanguage\":\"fr-FR\"},{\"@type\":\"Organization\",\"@id\":\"https:\/\/www.n-able.com\/fr#organization\",\"name\":\"N-able\",\"url\":\"https:\/\/www.n-able.com\/fr\",\"logo\":{\"@type\":\"ImageObject\",\"inLanguage\":\"fr-FR\",\"@id\":\"https:\/\/www.n-able.com\/fr#\/schema\/logo\/image\/\",\"url\":\"https:\/\/www.n-able.com\/wp-content\/uploads\/2021\/02\/logo-n-able-vertical-dark.svg\",\"contentUrl\":\"https:\/\/www.n-able.com\/wp-content\/uploads\/2021\/02\/logo-n-able-vertical-dark.svg\",\"width\":\"1024\",\"height\":\"1024\",\"caption\":\"N-able\"},\"image\":{\"@id\":\"https:\/\/www.n-able.com\/fr#\/schema\/logo\/image\/\"},\"sameAs\":[\"https:\/\/www.facebook.com\/NableMSP\",\"https:\/\/x.com\/Nable\",\"https:\/\/www.linkedin.com\/company\/n-able\",\"https:\/\/www.youtube.com\/channel\/UClnp77HHg4aME-S-3fWQhFw\"]}]}<\/script>\n<!-- \/ Yoast SEO Premium plugin. -->","yoast_head_json":{"title":"Nos employ\u00e9s - N-able","description":"D\u00e9couvrez notre entreprise vue par nos employ\u00e9s. Faites connaissance avec notre \u00e9quipe dirigeante, explorez nos offres d\u2019emploi, nos initiatives en mati\u00e8re de diversit\u00e9, d\u2019\u00e9galit\u00e9 et d\u2019appartenance (DEB), ainsi que la vie chez N-able.","robots":{"index":"index","follow":"follow","max-snippet":"max-snippet:-1","max-image-preview":"max-image-preview:large","max-video-preview":"max-video-preview:-1"},"canonical":"https:\/\/www.n-able.com\/fr\/company\/our-people","og_locale":"fr_FR","og_type":"article","og_title":"Nos employ\u00e9s - N-able","og_description":"D\u00e9couvrez notre entreprise vue par nos employ\u00e9s. Faites connaissance avec notre \u00e9quipe dirigeante, explorez nos offres d\u2019emploi, nos initiatives en mati\u00e8re de diversit\u00e9, d\u2019\u00e9galit\u00e9 et d\u2019appartenance (DEB), ainsi que la vie chez N-able.","og_url":"https:\/\/www.n-able.com\/fr\/company\/our-people","og_site_name":"N-able","article_publisher":"https:\/\/www.facebook.com\/NableMSP","article_modified_time":"2024-10-16T17:49:22+00:00","og_image":[{"width":1200,"height":630,"url":"https:\/\/www.n-able.com\/wp-content\/uploads\/2021\/03\/share-image.jpg","type":"image\/jpeg"}],"twitter_card":"summary_large_image","twitter_site":"@Nable","schema":{"@context":"https:\/\/schema.org","@graph":[{"@type":"WebPage","@id":"https:\/\/www.n-able.com\/fr\/company\/our-people","url":"https:\/\/www.n-able.com\/fr\/company\/our-people","name":"Nos employ\u00e9s - N-able","isPartOf":{"@id":"https:\/\/www.n-able.com\/fr#website"},"datePublished":"2024-01-24T20:45:15+00:00","dateModified":"2024-10-16T17:49:22+00:00","description":"D\u00e9couvrez notre entreprise vue par nos employ\u00e9s. Faites connaissance avec notre \u00e9quipe dirigeante, explorez nos offres d\u2019emploi, nos initiatives en mati\u00e8re de diversit\u00e9, d\u2019\u00e9galit\u00e9 et d\u2019appartenance (DEB), ainsi que la vie chez N-able.","breadcrumb":{"@id":"https:\/\/www.n-able.com\/fr\/company\/our-people#breadcrumb"},"inLanguage":"fr-FR","potentialAction":[{"@type":"ReadAction","target":["https:\/\/www.n-able.com\/fr\/company\/our-people"]}]},{"@type":"BreadcrumbList","@id":"https:\/\/www.n-able.com\/fr\/company\/our-people#breadcrumb","itemListElement":[{"@type":"ListItem","position":1,"name":"About Us &#8211; Company","item":"https:\/\/www.n-able.com\/fr\/company"},{"@type":"ListItem","position":2,"name":"Our People"}]},{"@type":"WebSite","@id":"https:\/\/www.n-able.com\/fr#website","url":"https:\/\/www.n-able.com\/fr","name":"N-able","description":"","publisher":{"@id":"https:\/\/www.n-able.com\/fr#organization"},"potentialAction":[{"@type":"SearchAction","target":{"@type":"EntryPoint","urlTemplate":"https:\/\/www.n-able.com\/fr?s={search_term_string}"},"query-input":{"@type":"PropertyValueSpecification","valueRequired":true,"valueName":"search_term_string"}}],"inLanguage":"fr-FR"},{"@type":"Organization","@id":"https:\/\/www.n-able.com\/fr#organization","name":"N-able","url":"https:\/\/www.n-able.com\/fr","logo":{"@type":"ImageObject","inLanguage":"fr-FR","@id":"https:\/\/www.n-able.com\/fr#\/schema\/logo\/image\/","url":"https:\/\/www.n-able.com\/wp-content\/uploads\/2021\/02\/logo-n-able-vertical-dark.svg","contentUrl":"https:\/\/www.n-able.com\/wp-content\/uploads\/2021\/02\/logo-n-able-vertical-dark.svg","width":"1024","height":"1024","caption":"N-able"},"image":{"@id":"https:\/\/www.n-able.com\/fr#\/schema\/logo\/image\/"},"sameAs":["https:\/\/www.facebook.com\/NableMSP","https:\/\/x.com\/Nable","https:\/\/www.linkedin.com\/company\/n-able","https:\/\/www.youtube.com\/channel\/UClnp77HHg4aME-S-3fWQhFw"]}]}},"_links":{"self":[{"href":"https:\/\/www.n-able.com\/fr\/wp-json\/wp\/v2\/pages\/57510","targetHints":{"allow":["GET"]}}],"collection":[{"href":"https:\/\/www.n-able.com\/fr\/wp-json\/wp\/v2\/pages"}],"about":[{"href":"https:\/\/www.n-able.com\/fr\/wp-json\/wp\/v2\/types\/page"}],"author":[{"embeddable":true,"href":"https:\/\/www.n-able.com\/fr\/wp-json\/wp\/v2\/users\/9"}],"replies":[{"embeddable":true,"href":"https:\/\/www.n-able.com\/fr\/wp-json\/wp\/v2\/comments?post=57510"}],"version-history":[{"count":0,"href":"https:\/\/www.n-able.com\/fr\/wp-json\/wp\/v2\/pages\/57510\/revisions"}],"up":[{"embeddable":true,"href":"https:\/\/www.n-able.com\/fr\/wp-json\/wp\/v2\/pages\/17877"}],"wp:attachment":[{"href":"https:\/\/www.n-able.com\/fr\/wp-json\/wp\/v2\/media?parent=57510"}],"curies":[{"name":"wp","href":"https:\/\/api.w.org\/{rel}","templated":true}]}}