{"id":59000,"date":"2024-08-21T17:36:29","date_gmt":"2024-08-21T16:36:29","guid":{"rendered":"https:\/\/www.n-able.com\/compare\/n-able-rmm-vs-kaseya-vsa"},"modified":"2024-09-26T17:31:13","modified_gmt":"2024-09-26T16:31:13","slug":"n-able-rmm-vs-kaseya-vsa","status":"publish","type":"page","link":"https:\/\/www.n-able.com\/fr\/compare\/n-able-rmm-vs-kaseya-vsa","title":{"rendered":"Competitor Comparison &#8211; N&#8209;able vs Kaseya"},"content":{"rendered":"","protected":false},"excerpt":{"rendered":"","protected":false},"author":9,"featured_media":0,"parent":58683,"menu_order":0,"comment_status":"closed","ping_status":"closed","template":"","meta":{"_acf_changed":false,"inline_featured_image":false,"footnotes":""},"class_list":["post-59000","page","type-page","status-publish","hentry"],"acf":[],"yoast_head":"<!-- This site is optimized with the Yoast SEO Premium plugin v27.2 (Yoast SEO v27.2) - https:\/\/yoast.com\/product\/yoast-seo-premium-wordpress\/ -->\n<title>Face \u00e0 face entre N-able et Kaseya - N-able<\/title>\n<meta name=\"description\" content=\"D\u00e9couvrez pourquoi N-able est le choix privil\u00e9gi\u00e9 de MSP et de professionnels de l\u2019informatique qui optent pour davantage de flexibilit\u00e9 et une s\u00e9curit\u00e9 d\u2019excellence gr\u00e2ce \u00e0 une solution facile \u00e0 configurer et \u00e0 g\u00e9rer.\" \/>\n<meta name=\"robots\" content=\"index, follow, max-snippet:-1, max-image-preview:large, max-video-preview:-1\" \/>\n<link rel=\"canonical\" href=\"https:\/\/www.n-able.com\/fr\/compare\/n-able-rmm-vs-kaseya-vsa\" \/>\n<meta property=\"og:locale\" content=\"fr_FR\" \/>\n<meta property=\"og:type\" content=\"article\" \/>\n<meta property=\"og:title\" content=\"Face \u00e0 face entre N-able et Kaseya - N-able\" \/>\n<meta property=\"og:description\" content=\"D\u00e9couvrez pourquoi N-able est le choix privil\u00e9gi\u00e9 de MSP et de professionnels de l\u2019informatique qui optent pour davantage de flexibilit\u00e9 et une s\u00e9curit\u00e9 d\u2019excellence gr\u00e2ce \u00e0 une solution facile \u00e0 configurer et \u00e0 g\u00e9rer.\" \/>\n<meta property=\"og:url\" content=\"https:\/\/www.n-able.com\/fr\/compare\/n-able-rmm-vs-kaseya-vsa\" \/>\n<meta property=\"og:site_name\" content=\"N-able\" \/>\n<meta property=\"article:publisher\" content=\"https:\/\/www.facebook.com\/NableMSP\" \/>\n<meta property=\"article:modified_time\" content=\"2024-09-26T16:31:13+00:00\" \/>\n<meta property=\"og:image\" content=\"https:\/\/www.n-able.com\/wp-content\/uploads\/2021\/03\/share-image.jpg\" \/>\n\t<meta property=\"og:image:width\" content=\"1200\" \/>\n\t<meta property=\"og:image:height\" content=\"630\" \/>\n\t<meta property=\"og:image:type\" content=\"image\/jpeg\" \/>\n<meta name=\"twitter:card\" content=\"summary_large_image\" \/>\n<meta name=\"twitter:site\" content=\"@Nable\" \/>\n<script type=\"application\/ld+json\" class=\"yoast-schema-graph\">{\"@context\":\"https:\/\/schema.org\",\"@graph\":[{\"@type\":\"WebPage\",\"@id\":\"https:\/\/www.n-able.com\/fr\/compare\/n-able-rmm-vs-kaseya-vsa\",\"url\":\"https:\/\/www.n-able.com\/fr\/compare\/n-able-rmm-vs-kaseya-vsa\",\"name\":\"Face \u00e0 face entre N-able et Kaseya - N-able\",\"isPartOf\":{\"@id\":\"https:\/\/www.n-able.com\/fr#website\"},\"datePublished\":\"2024-08-21T16:36:29+00:00\",\"dateModified\":\"2024-09-26T16:31:13+00:00\",\"description\":\"D\u00e9couvrez pourquoi N-able est le choix privil\u00e9gi\u00e9 de MSP et de professionnels de l\u2019informatique qui optent pour davantage de flexibilit\u00e9 et une s\u00e9curit\u00e9 d\u2019excellence gr\u00e2ce \u00e0 une solution facile \u00e0 configurer et \u00e0 g\u00e9rer.\",\"breadcrumb\":{\"@id\":\"https:\/\/www.n-able.com\/fr\/compare\/n-able-rmm-vs-kaseya-vsa#breadcrumb\"},\"inLanguage\":\"fr-FR\",\"potentialAction\":[{\"@type\":\"ReadAction\",\"target\":[\"https:\/\/www.n-able.com\/fr\/compare\/n-able-rmm-vs-kaseya-vsa\"]}]},{\"@type\":\"BreadcrumbList\",\"@id\":\"https:\/\/www.n-able.com\/fr\/compare\/n-able-rmm-vs-kaseya-vsa#breadcrumb\",\"itemListElement\":[{\"@type\":\"ListItem\",\"position\":1,\"name\":\"Competitor Comparisons\",\"item\":\"https:\/\/www.n-able.com\/fr\/compare\"},{\"@type\":\"ListItem\",\"position\":2,\"name\":\"Competitor Comparison &#8211; N&#8209;able vs Kaseya\"}]},{\"@type\":\"WebSite\",\"@id\":\"https:\/\/www.n-able.com\/fr#website\",\"url\":\"https:\/\/www.n-able.com\/fr\",\"name\":\"N-able\",\"description\":\"\",\"publisher\":{\"@id\":\"https:\/\/www.n-able.com\/fr#organization\"},\"potentialAction\":[{\"@type\":\"SearchAction\",\"target\":{\"@type\":\"EntryPoint\",\"urlTemplate\":\"https:\/\/www.n-able.com\/fr?s={search_term_string}\"},\"query-input\":{\"@type\":\"PropertyValueSpecification\",\"valueRequired\":true,\"valueName\":\"search_term_string\"}}],\"inLanguage\":\"fr-FR\"},{\"@type\":\"Organization\",\"@id\":\"https:\/\/www.n-able.com\/fr#organization\",\"name\":\"N-able\",\"url\":\"https:\/\/www.n-able.com\/fr\",\"logo\":{\"@type\":\"ImageObject\",\"inLanguage\":\"fr-FR\",\"@id\":\"https:\/\/www.n-able.com\/fr#\/schema\/logo\/image\/\",\"url\":\"https:\/\/www.n-able.com\/wp-content\/uploads\/2021\/02\/logo-n-able-vertical-dark.svg\",\"contentUrl\":\"https:\/\/www.n-able.com\/wp-content\/uploads\/2021\/02\/logo-n-able-vertical-dark.svg\",\"width\":\"1024\",\"height\":\"1024\",\"caption\":\"N-able\"},\"image\":{\"@id\":\"https:\/\/www.n-able.com\/fr#\/schema\/logo\/image\/\"},\"sameAs\":[\"https:\/\/www.facebook.com\/NableMSP\",\"https:\/\/x.com\/Nable\",\"https:\/\/www.linkedin.com\/company\/n-able\",\"https:\/\/www.youtube.com\/channel\/UClnp77HHg4aME-S-3fWQhFw\"]}]}<\/script>\n<!-- \/ Yoast SEO Premium plugin. -->","yoast_head_json":{"title":"Face \u00e0 face entre N-able et Kaseya - N-able","description":"D\u00e9couvrez pourquoi N-able est le choix privil\u00e9gi\u00e9 de MSP et de professionnels de l\u2019informatique qui optent pour davantage de flexibilit\u00e9 et une s\u00e9curit\u00e9 d\u2019excellence gr\u00e2ce \u00e0 une solution facile \u00e0 configurer et \u00e0 g\u00e9rer.","robots":{"index":"index","follow":"follow","max-snippet":"max-snippet:-1","max-image-preview":"max-image-preview:large","max-video-preview":"max-video-preview:-1"},"canonical":"https:\/\/www.n-able.com\/fr\/compare\/n-able-rmm-vs-kaseya-vsa","og_locale":"fr_FR","og_type":"article","og_title":"Face \u00e0 face entre N-able et Kaseya - N-able","og_description":"D\u00e9couvrez pourquoi N-able est le choix privil\u00e9gi\u00e9 de MSP et de professionnels de l\u2019informatique qui optent pour davantage de flexibilit\u00e9 et une s\u00e9curit\u00e9 d\u2019excellence gr\u00e2ce \u00e0 une solution facile \u00e0 configurer et \u00e0 g\u00e9rer.","og_url":"https:\/\/www.n-able.com\/fr\/compare\/n-able-rmm-vs-kaseya-vsa","og_site_name":"N-able","article_publisher":"https:\/\/www.facebook.com\/NableMSP","article_modified_time":"2024-09-26T16:31:13+00:00","og_image":[{"width":1200,"height":630,"url":"https:\/\/www.n-able.com\/wp-content\/uploads\/2021\/03\/share-image.jpg","type":"image\/jpeg"}],"twitter_card":"summary_large_image","twitter_site":"@Nable","schema":{"@context":"https:\/\/schema.org","@graph":[{"@type":"WebPage","@id":"https:\/\/www.n-able.com\/fr\/compare\/n-able-rmm-vs-kaseya-vsa","url":"https:\/\/www.n-able.com\/fr\/compare\/n-able-rmm-vs-kaseya-vsa","name":"Face \u00e0 face entre N-able et Kaseya - N-able","isPartOf":{"@id":"https:\/\/www.n-able.com\/fr#website"},"datePublished":"2024-08-21T16:36:29+00:00","dateModified":"2024-09-26T16:31:13+00:00","description":"D\u00e9couvrez pourquoi N-able est le choix privil\u00e9gi\u00e9 de MSP et de professionnels de l\u2019informatique qui optent pour davantage de flexibilit\u00e9 et une s\u00e9curit\u00e9 d\u2019excellence gr\u00e2ce \u00e0 une solution facile \u00e0 configurer et \u00e0 g\u00e9rer.","breadcrumb":{"@id":"https:\/\/www.n-able.com\/fr\/compare\/n-able-rmm-vs-kaseya-vsa#breadcrumb"},"inLanguage":"fr-FR","potentialAction":[{"@type":"ReadAction","target":["https:\/\/www.n-able.com\/fr\/compare\/n-able-rmm-vs-kaseya-vsa"]}]},{"@type":"BreadcrumbList","@id":"https:\/\/www.n-able.com\/fr\/compare\/n-able-rmm-vs-kaseya-vsa#breadcrumb","itemListElement":[{"@type":"ListItem","position":1,"name":"Competitor Comparisons","item":"https:\/\/www.n-able.com\/fr\/compare"},{"@type":"ListItem","position":2,"name":"Competitor Comparison &#8211; N&#8209;able vs Kaseya"}]},{"@type":"WebSite","@id":"https:\/\/www.n-able.com\/fr#website","url":"https:\/\/www.n-able.com\/fr","name":"N-able","description":"","publisher":{"@id":"https:\/\/www.n-able.com\/fr#organization"},"potentialAction":[{"@type":"SearchAction","target":{"@type":"EntryPoint","urlTemplate":"https:\/\/www.n-able.com\/fr?s={search_term_string}"},"query-input":{"@type":"PropertyValueSpecification","valueRequired":true,"valueName":"search_term_string"}}],"inLanguage":"fr-FR"},{"@type":"Organization","@id":"https:\/\/www.n-able.com\/fr#organization","name":"N-able","url":"https:\/\/www.n-able.com\/fr","logo":{"@type":"ImageObject","inLanguage":"fr-FR","@id":"https:\/\/www.n-able.com\/fr#\/schema\/logo\/image\/","url":"https:\/\/www.n-able.com\/wp-content\/uploads\/2021\/02\/logo-n-able-vertical-dark.svg","contentUrl":"https:\/\/www.n-able.com\/wp-content\/uploads\/2021\/02\/logo-n-able-vertical-dark.svg","width":"1024","height":"1024","caption":"N-able"},"image":{"@id":"https:\/\/www.n-able.com\/fr#\/schema\/logo\/image\/"},"sameAs":["https:\/\/www.facebook.com\/NableMSP","https:\/\/x.com\/Nable","https:\/\/www.linkedin.com\/company\/n-able","https:\/\/www.youtube.com\/channel\/UClnp77HHg4aME-S-3fWQhFw"]}]}},"_links":{"self":[{"href":"https:\/\/www.n-able.com\/fr\/wp-json\/wp\/v2\/pages\/59000","targetHints":{"allow":["GET"]}}],"collection":[{"href":"https:\/\/www.n-able.com\/fr\/wp-json\/wp\/v2\/pages"}],"about":[{"href":"https:\/\/www.n-able.com\/fr\/wp-json\/wp\/v2\/types\/page"}],"author":[{"embeddable":true,"href":"https:\/\/www.n-able.com\/fr\/wp-json\/wp\/v2\/users\/9"}],"replies":[{"embeddable":true,"href":"https:\/\/www.n-able.com\/fr\/wp-json\/wp\/v2\/comments?post=59000"}],"version-history":[{"count":0,"href":"https:\/\/www.n-able.com\/fr\/wp-json\/wp\/v2\/pages\/59000\/revisions"}],"up":[{"embeddable":true,"href":"https:\/\/www.n-able.com\/fr\/wp-json\/wp\/v2\/pages\/58683"}],"wp:attachment":[{"href":"https:\/\/www.n-able.com\/fr\/wp-json\/wp\/v2\/media?parent=59000"}],"curies":[{"name":"wp","href":"https:\/\/api.w.org\/{rel}","templated":true}]}}