{"id":18047,"date":"2021-01-06T13:47:41","date_gmt":"2021-01-06T13:47:41","guid":{"rendered":"https:\/\/www.n-able.com\/products"},"modified":"2025-10-20T17:31:36","modified_gmt":"2025-10-20T16:31:36","slug":"products","status":"publish","type":"page","link":"https:\/\/www.n-able.com\/pt-br\/products","title":{"rendered":"Products"},"content":{"rendered":"","protected":false},"excerpt":{"rendered":"","protected":false},"author":5,"featured_media":0,"parent":0,"menu_order":0,"comment_status":"closed","ping_status":"closed","template":"page-template-products.php","meta":{"_acf_changed":false,"inline_featured_image":false,"footnotes":""},"class_list":["post-18047","page","type-page","status-publish","hentry"],"acf":[],"yoast_head":"<!-- This site is optimized with the Yoast SEO Premium plugin v27.2 (Yoast SEO v27.2) - https:\/\/yoast.com\/product\/yoast-seo-premium-wordpress\/ -->\n<title>Produtos para MSPs e Departamentos de TI - N-able<\/title>\n<meta name=\"description\" content=\"O N-able oferece um conjunto completo de solu\u00e7\u00f5es de monitoramento, gerenciamento e seguran\u00e7a que permitem aos MSPs constru\u00edrem suas jornadas de crescimento e melhorarem a efici\u00eancia operacional.\" \/>\n<meta name=\"robots\" content=\"index, follow, max-snippet:-1, max-image-preview:large, max-video-preview:-1\" \/>\n<link rel=\"canonical\" href=\"https:\/\/www.n-able.com\/pt-br\/products\" \/>\n<meta property=\"og:locale\" content=\"pt_BR\" \/>\n<meta property=\"og:type\" content=\"article\" \/>\n<meta property=\"og:title\" content=\"Produtos para MSPs e Departamentos de TI - N-able\" \/>\n<meta property=\"og:description\" content=\"O N-able oferece um conjunto completo de solu\u00e7\u00f5es de monitoramento, gerenciamento e seguran\u00e7a que permitem aos MSPs constru\u00edrem suas jornadas de crescimento e melhorarem a efici\u00eancia operacional.\" \/>\n<meta property=\"og:url\" content=\"https:\/\/www.n-able.com\/pt-br\/products\" \/>\n<meta property=\"og:site_name\" content=\"N-able\" \/>\n<meta property=\"article:publisher\" content=\"https:\/\/www.facebook.com\/NableMSP\" \/>\n<meta property=\"article:modified_time\" content=\"2025-10-20T16:31:36+00:00\" \/>\n<meta property=\"og:image\" content=\"https:\/\/www.n-able.com\/wp-content\/uploads\/2021\/03\/share-image.jpg\" \/>\n\t<meta property=\"og:image:width\" content=\"1200\" \/>\n\t<meta property=\"og:image:height\" content=\"630\" \/>\n\t<meta property=\"og:image:type\" content=\"image\/jpeg\" \/>\n<meta name=\"twitter:card\" content=\"summary_large_image\" \/>\n<meta name=\"twitter:site\" content=\"@Nable\" \/>\n<script type=\"application\/ld+json\" class=\"yoast-schema-graph\">{\"@context\":\"https:\/\/schema.org\",\"@graph\":[{\"@type\":\"WebPage\",\"@id\":\"https:\/\/www.n-able.com\/pt-br\/products\",\"url\":\"https:\/\/www.n-able.com\/pt-br\/products\",\"name\":\"Produtos para MSPs e Departamentos de TI - N-able\",\"isPartOf\":{\"@id\":\"https:\/\/www.n-able.com\/pt-br#website\"},\"datePublished\":\"2021-01-06T13:47:41+00:00\",\"dateModified\":\"2025-10-20T16:31:36+00:00\",\"description\":\"O N-able oferece um conjunto completo de solu\u00e7\u00f5es de monitoramento, gerenciamento e seguran\u00e7a que permitem aos MSPs constru\u00edrem suas jornadas de crescimento e melhorarem a efici\u00eancia operacional.\",\"inLanguage\":\"pt-BR\",\"potentialAction\":[{\"@type\":\"ReadAction\",\"target\":[\"https:\/\/www.n-able.com\/pt-br\/products\"]}]},{\"@type\":\"WebSite\",\"@id\":\"https:\/\/www.n-able.com\/pt-br#website\",\"url\":\"https:\/\/www.n-able.com\/pt-br\",\"name\":\"N-able\",\"description\":\"\",\"publisher\":{\"@id\":\"https:\/\/www.n-able.com\/pt-br#organization\"},\"potentialAction\":[{\"@type\":\"SearchAction\",\"target\":{\"@type\":\"EntryPoint\",\"urlTemplate\":\"https:\/\/www.n-able.com\/pt-br?s={search_term_string}\"},\"query-input\":{\"@type\":\"PropertyValueSpecification\",\"valueRequired\":true,\"valueName\":\"search_term_string\"}}],\"inLanguage\":\"pt-BR\"},{\"@type\":\"Organization\",\"@id\":\"https:\/\/www.n-able.com\/pt-br#organization\",\"name\":\"N-able\",\"url\":\"https:\/\/www.n-able.com\/pt-br\",\"logo\":{\"@type\":\"ImageObject\",\"inLanguage\":\"pt-BR\",\"@id\":\"https:\/\/www.n-able.com\/pt-br#\/schema\/logo\/image\/\",\"url\":\"https:\/\/www.n-able.com\/wp-content\/uploads\/2021\/02\/logo-n-able-vertical-dark.svg\",\"contentUrl\":\"https:\/\/www.n-able.com\/wp-content\/uploads\/2021\/02\/logo-n-able-vertical-dark.svg\",\"width\":\"1024\",\"height\":\"1024\",\"caption\":\"N-able\"},\"image\":{\"@id\":\"https:\/\/www.n-able.com\/pt-br#\/schema\/logo\/image\/\"},\"sameAs\":[\"https:\/\/www.facebook.com\/NableMSP\",\"https:\/\/x.com\/Nable\",\"https:\/\/www.linkedin.com\/company\/n-able\",\"https:\/\/www.youtube.com\/channel\/UClnp77HHg4aME-S-3fWQhFw\"]}]}<\/script>\n<!-- \/ Yoast SEO Premium plugin. -->","yoast_head_json":{"title":"Produtos para MSPs e Departamentos de TI - N-able","description":"O N-able oferece um conjunto completo de solu\u00e7\u00f5es de monitoramento, gerenciamento e seguran\u00e7a que permitem aos MSPs constru\u00edrem suas jornadas de crescimento e melhorarem a efici\u00eancia operacional.","robots":{"index":"index","follow":"follow","max-snippet":"max-snippet:-1","max-image-preview":"max-image-preview:large","max-video-preview":"max-video-preview:-1"},"canonical":"https:\/\/www.n-able.com\/pt-br\/products","og_locale":"pt_BR","og_type":"article","og_title":"Produtos para MSPs e Departamentos de TI - N-able","og_description":"O N-able oferece um conjunto completo de solu\u00e7\u00f5es de monitoramento, gerenciamento e seguran\u00e7a que permitem aos MSPs constru\u00edrem suas jornadas de crescimento e melhorarem a efici\u00eancia operacional.","og_url":"https:\/\/www.n-able.com\/pt-br\/products","og_site_name":"N-able","article_publisher":"https:\/\/www.facebook.com\/NableMSP","article_modified_time":"2025-10-20T16:31:36+00:00","og_image":[{"width":1200,"height":630,"url":"https:\/\/www.n-able.com\/wp-content\/uploads\/2021\/03\/share-image.jpg","type":"image\/jpeg"}],"twitter_card":"summary_large_image","twitter_site":"@Nable","schema":{"@context":"https:\/\/schema.org","@graph":[{"@type":"WebPage","@id":"https:\/\/www.n-able.com\/pt-br\/products","url":"https:\/\/www.n-able.com\/pt-br\/products","name":"Produtos para MSPs e Departamentos de TI - N-able","isPartOf":{"@id":"https:\/\/www.n-able.com\/pt-br#website"},"datePublished":"2021-01-06T13:47:41+00:00","dateModified":"2025-10-20T16:31:36+00:00","description":"O N-able oferece um conjunto completo de solu\u00e7\u00f5es de monitoramento, gerenciamento e seguran\u00e7a que permitem aos MSPs constru\u00edrem suas jornadas de crescimento e melhorarem a efici\u00eancia operacional.","inLanguage":"pt-BR","potentialAction":[{"@type":"ReadAction","target":["https:\/\/www.n-able.com\/pt-br\/products"]}]},{"@type":"WebSite","@id":"https:\/\/www.n-able.com\/pt-br#website","url":"https:\/\/www.n-able.com\/pt-br","name":"N-able","description":"","publisher":{"@id":"https:\/\/www.n-able.com\/pt-br#organization"},"potentialAction":[{"@type":"SearchAction","target":{"@type":"EntryPoint","urlTemplate":"https:\/\/www.n-able.com\/pt-br?s={search_term_string}"},"query-input":{"@type":"PropertyValueSpecification","valueRequired":true,"valueName":"search_term_string"}}],"inLanguage":"pt-BR"},{"@type":"Organization","@id":"https:\/\/www.n-able.com\/pt-br#organization","name":"N-able","url":"https:\/\/www.n-able.com\/pt-br","logo":{"@type":"ImageObject","inLanguage":"pt-BR","@id":"https:\/\/www.n-able.com\/pt-br#\/schema\/logo\/image\/","url":"https:\/\/www.n-able.com\/wp-content\/uploads\/2021\/02\/logo-n-able-vertical-dark.svg","contentUrl":"https:\/\/www.n-able.com\/wp-content\/uploads\/2021\/02\/logo-n-able-vertical-dark.svg","width":"1024","height":"1024","caption":"N-able"},"image":{"@id":"https:\/\/www.n-able.com\/pt-br#\/schema\/logo\/image\/"},"sameAs":["https:\/\/www.facebook.com\/NableMSP","https:\/\/x.com\/Nable","https:\/\/www.linkedin.com\/company\/n-able","https:\/\/www.youtube.com\/channel\/UClnp77HHg4aME-S-3fWQhFw"]}]}},"_links":{"self":[{"href":"https:\/\/www.n-able.com\/pt-br\/wp-json\/wp\/v2\/pages\/18047","targetHints":{"allow":["GET"]}}],"collection":[{"href":"https:\/\/www.n-able.com\/pt-br\/wp-json\/wp\/v2\/pages"}],"about":[{"href":"https:\/\/www.n-able.com\/pt-br\/wp-json\/wp\/v2\/types\/page"}],"author":[{"embeddable":true,"href":"https:\/\/www.n-able.com\/pt-br\/wp-json\/wp\/v2\/users\/5"}],"replies":[{"embeddable":true,"href":"https:\/\/www.n-able.com\/pt-br\/wp-json\/wp\/v2\/comments?post=18047"}],"version-history":[{"count":0,"href":"https:\/\/www.n-able.com\/pt-br\/wp-json\/wp\/v2\/pages\/18047\/revisions"}],"wp:attachment":[{"href":"https:\/\/www.n-able.com\/pt-br\/wp-json\/wp\/v2\/media?parent=18047"}],"curies":[{"name":"wp","href":"https:\/\/api.w.org\/{rel}","templated":true}]}}